{"id":165,"date":"2021-01-11T20:47:36","date_gmt":"2021-01-11T19:47:36","guid":{"rendered":"https:\/\/gestorjavea.com\/tarifas\/"},"modified":"2025-10-03T09:27:11","modified_gmt":"2025-10-03T07:27:11","slug":"tarifas","status":"publish","type":"page","link":"https:\/\/gestorjavea.com\/es\/tarifas\/","title":{"rendered":"Tarifas"},"content":{"rendered":"\t\t<div data-elementor-type=\"wp-page\" data-elementor-id=\"165\" class=\"elementor elementor-165 elementor-95\" data-elementor-post-type=\"page\">\n\t\t\t\t\t\t<section class=\"elementor-section elementor-top-section elementor-element elementor-element-cd0b4f8 elementor-section-boxed elementor-section-height-default elementor-section-height-default\" data-id=\"cd0b4f8\" data-element_type=\"section\" data-e-type=\"section\">\n\t\t\t\t\t\t<div class=\"elementor-container elementor-column-gap-default\">\n\t\t\t\t\t<div class=\"elementor-column elementor-col-100 elementor-top-column elementor-element elementor-element-4e2a32b\" data-id=\"4e2a32b\" data-element_type=\"column\" data-e-type=\"column\">\n\t\t\t<div class=\"elementor-widget-wrap elementor-element-populated\">\n\t\t\t\t\t\t<div class=\"elementor-element elementor-element-563de9a elementor-widget elementor-widget-heading\" data-id=\"563de9a\" data-element_type=\"widget\" data-e-type=\"widget\" data-widget_type=\"heading.default\">\n\t\t\t\t\t<h1 class=\"elementor-heading-title elementor-size-default\">Tarifas<\/h1>\t\t\t\t<\/div>\n\t\t\t\t\t<\/div>\n\t\t<\/div>\n\t\t\t\t\t<\/div>\n\t\t<\/section>\n\t\t\t\t<section class=\"elementor-section elementor-top-section elementor-element elementor-element-7e4c84a elementor-section-boxed elementor-section-height-default elementor-section-height-default\" data-id=\"7e4c84a\" data-element_type=\"section\" data-e-type=\"section\">\n\t\t\t\t\t\t<div class=\"elementor-container elementor-column-gap-default\">\n\t\t\t\t\t<div class=\"elementor-column elementor-col-50 elementor-top-column elementor-element elementor-element-28f3be1\" data-id=\"28f3be1\" data-element_type=\"column\" data-e-type=\"column\">\n\t\t\t<div class=\"elementor-widget-wrap elementor-element-populated\">\n\t\t\t\t\t\t<div class=\"elementor-element elementor-element-1a96629 elementor-widget elementor-widget-text-editor\" data-id=\"1a96629\" data-element_type=\"widget\" data-e-type=\"widget\" data-widget_type=\"text-editor.default\">\n\t\t\t\t\t\t\t\t\t<p>Ons standaard pakket bestaat uit:<\/p>\n<ul>\n<li>Representaci\u00f3n fiscal ante Hacienda\n<ul>\n<li>IRPF<\/li>\n<li>Impuesto sobre el patrimonio<\/li>\n<\/ul>\n<p><\/li>\n<p> \t<\/p>\n<li>Control de los impuestos municipales\n<ul>\n<li>Tasa de residuos<\/li>\n<p> \t<\/p>\n<li>Tasa de v\u00edas p\u00fablicas<\/li>\n<p> \t<\/p>\n<li>Impuesto de bienes inmuebles<\/li>\n<p><\/ul>\n<p><\/li>\n<p> \t<\/p>\n<li>De 1 a 2 consultas anuales en la oficina, previa cita<\/li>\n<p><\/ul>\n\t\t\t\t\t\t\t\t<\/div>\n\t\t\t\t\t<\/div>\n\t\t<\/div>\n\t\t\t\t<div class=\"elementor-column elementor-col-50 elementor-top-column elementor-element elementor-element-d1da00a\" data-id=\"d1da00a\" data-element_type=\"column\" data-e-type=\"column\">\n\t\t\t<div class=\"elementor-widget-wrap elementor-element-populated\">\n\t\t\t\t\t\t<div class=\"elementor-element elementor-element-da7db45 elementor-align-justify elementor-widget elementor-widget-button\" data-id=\"da7db45\" data-element_type=\"widget\" data-e-type=\"widget\" data-widget_type=\"button.default\">\n\t\t\t\t\t\t\t\t\t\t<a class=\"elementor-button elementor-size-xl\" role=\"button\">\n\t\t\t\t\t\t<span class=\"elementor-button-content-wrapper\">\n\t\t\t\t\t\t\t\t\t<span class=\"elementor-button-text\">Residentes<br>y no residentes<br>Solicita!<\/span>\n\t\t\t\t\t<\/span>\n\t\t\t\t\t<\/a>\n\t\t\t\t\t\t\t\t<\/div>\n\t\t\t\t\t<\/div>\n\t\t<\/div>\n\t\t\t\t\t<\/div>\n\t\t<\/section>\n\t\t\t\t<section class=\"elementor-section elementor-top-section elementor-element elementor-element-6e0ff18 elementor-section-boxed elementor-section-height-default elementor-section-height-default\" data-id=\"6e0ff18\" data-element_type=\"section\" data-e-type=\"section\">\n\t\t\t\t\t\t<div class=\"elementor-container elementor-column-gap-default\">\n\t\t\t\t\t<div class=\"elementor-column elementor-col-100 elementor-top-column elementor-element elementor-element-dd42e4f\" data-id=\"dd42e4f\" data-element_type=\"column\" data-e-type=\"column\">\n\t\t\t<div class=\"elementor-widget-wrap elementor-element-populated\">\n\t\t\t\t\t\t<div class=\"elementor-element elementor-element-a702f0d elementor-widget elementor-widget-heading\" data-id=\"a702f0d\" data-element_type=\"widget\" data-e-type=\"widget\" data-widget_type=\"heading.default\">\n\t\t\t\t\t<h2 class=\"elementor-heading-title elementor-size-default\">Extras Tarifas personalizadas<\/h2>\t\t\t\t<\/div>\n\t\t\t\t<div class=\"elementor-element elementor-element-5e3310d elementor-widget elementor-widget-text-editor\" data-id=\"5e3310d\" data-element_type=\"widget\" data-e-type=\"widget\" data-widget_type=\"text-editor.default\">\n\t\t\t\t\t\t\t\t\t<ul>\n<li>Declaraci\u00f3n de patrimonio de extranjero<\/li>\n<li>Liquidaci\u00f3n de impuestos municipales<\/li>\n<li>Tasa de residuos<\/li>\n<li>Tasa de v\u00edas p\u00fablicas<\/li>\n<li>Impuesto de bienes inmuebles<\/li>\n<li>Declaraci\u00f3n Impuesto sobre la renta por alquileres<\/li>\n<li>Acompa\u00f1amiento en compraventas<\/li>\n<li>Acompa\u00f1amiento en emigraci\u00f3n<\/li>\n<li>Mediaci\u00f3n de hipotecas<\/li>\n<li>Solicitudes de permiso de residencia<\/li>\n<li>Correspondencia<\/li>\n<li>Importaci\u00f3n de coches<\/li>\n<li>Renovaci\u00f3n\/convalidaci\u00f3n permiso de conducci\u00f3n<\/li>\n<li>Asistencia jur\u00eddica<\/li>\n<li>Solicitud de licencias<\/li>\n<li>Obras de reforma menores<\/li>\n<li>Servicio de limpieza<\/li>\n<li>Soluci\u00f3n de problemas, tambi\u00e9n en su ausencia<\/li>\n<\/ul>\n\t\t\t\t\t\t\t\t<\/div>\n\t\t\t\t\t<\/div>\n\t\t<\/div>\n\t\t\t\t\t<\/div>\n\t\t<\/section>\n\t\t\t\t<section class=\"elementor-section elementor-top-section elementor-element elementor-element-4a9c4ab elementor-section-boxed elementor-section-height-default elementor-section-height-default\" data-id=\"4a9c4ab\" data-element_type=\"section\" data-e-type=\"section\">\n\t\t\t\t\t\t<div class=\"elementor-container elementor-column-gap-default\">\n\t\t\t\t\t<div class=\"elementor-column elementor-col-100 elementor-top-column elementor-element elementor-element-6727c03\" data-id=\"6727c03\" data-element_type=\"column\" data-e-type=\"column\">\n\t\t\t<div class=\"elementor-widget-wrap elementor-element-populated\">\n\t\t\t\t\t\t<div class=\"elementor-element elementor-element-c944bfc elementor-widget elementor-widget-text-editor\" data-id=\"c944bfc\" data-element_type=\"widget\" data-e-type=\"widget\" data-widget_type=\"text-editor.default\">\n\t\t\t\t\t\t\t\t\t<h2>Tarifas para la empresa<\/h2>\n<p>Nos ocupamos, entre otros, de:<\/p>\n<ul>\n<li>Asuntos de personal y fiscales<\/li>\n<li>Asuntos jur\u00eddicos<\/li>\n<li>Constituci\u00f3n de una empresa<\/li>\n<li>Preparaci\u00f3n de inspecciones fiscales<\/li>\n<li>Altas en la Seguridad Social<\/li>\n<\/ul>\n<p>Tarifas seg\u00fan volumen y tipo de empresa.<\/p>\n\t\t\t\t\t\t\t\t<\/div>\n\t\t\t\t\t<\/div>\n\t\t<\/div>\n\t\t\t\t\t<\/div>\n\t\t<\/section>\n\t\t\t\t<\/div>\n\t\t","protected":false},"excerpt":{"rendered":"<p>Tarifas Ons standaard pakket bestaat uit: Representaci\u00f3n fiscal ante Hacienda IRPF Impuesto sobre el patrimonio Control de los impuestos municipales Tasa de residuos Tasa de v\u00edas p\u00fablicas Impuesto de bienes inmuebles De 1 a 2 consultas anuales en la oficina, previa cita Residentesy no residentesSolicita! Extras Tarifas personalizadas Declaraci\u00f3n de patrimonio de extranjero Liquidaci\u00f3n de [&hellip;]<\/p>\n","protected":false},"author":1,"featured_media":0,"parent":0,"menu_order":30,"comment_status":"closed","ping_status":"closed","template":"elementor_header_footer","meta":{"footnotes":""},"class_list":["post-165","page","type-page","status-publish","hentry"],"_links":{"self":[{"href":"https:\/\/gestorjavea.com\/es\/wp-json\/wp\/v2\/pages\/165","targetHints":{"allow":["GET"]}}],"collection":[{"href":"https:\/\/gestorjavea.com\/es\/wp-json\/wp\/v2\/pages"}],"about":[{"href":"https:\/\/gestorjavea.com\/es\/wp-json\/wp\/v2\/types\/page"}],"author":[{"embeddable":true,"href":"https:\/\/gestorjavea.com\/es\/wp-json\/wp\/v2\/users\/1"}],"replies":[{"embeddable":true,"href":"https:\/\/gestorjavea.com\/es\/wp-json\/wp\/v2\/comments?post=165"}],"version-history":[{"count":4,"href":"https:\/\/gestorjavea.com\/es\/wp-json\/wp\/v2\/pages\/165\/revisions"}],"predecessor-version":[{"id":571,"href":"https:\/\/gestorjavea.com\/es\/wp-json\/wp\/v2\/pages\/165\/revisions\/571"}],"wp:attachment":[{"href":"https:\/\/gestorjavea.com\/es\/wp-json\/wp\/v2\/media?parent=165"}],"curies":[{"name":"wp","href":"https:\/\/api.w.org\/{rel}","templated":true}]}}