{"id":156,"date":"2021-01-11T20:44:17","date_gmt":"2021-01-11T19:44:17","guid":{"rendered":"https:\/\/gestorjavea.com\/que-hacemos\/"},"modified":"2025-10-03T09:29:29","modified_gmt":"2025-10-03T07:29:29","slug":"que-hacemos","status":"publish","type":"page","link":"https:\/\/gestorjavea.com\/es\/que-hacemos\/","title":{"rendered":"Qu\u00e9 hacemos"},"content":{"rendered":"\t\t<div data-elementor-type=\"wp-page\" data-elementor-id=\"156\" class=\"elementor elementor-156 elementor-89\" data-elementor-post-type=\"page\">\n\t\t\t\t\t\t<section class=\"elementor-section elementor-top-section elementor-element elementor-element-60a0d5f elementor-section-boxed elementor-section-height-default elementor-section-height-default\" data-id=\"60a0d5f\" data-element_type=\"section\" data-e-type=\"section\">\n\t\t\t\t\t\t<div class=\"elementor-container elementor-column-gap-default\">\n\t\t\t\t\t<div class=\"elementor-column elementor-col-100 elementor-top-column elementor-element elementor-element-381d846\" data-id=\"381d846\" data-element_type=\"column\" data-e-type=\"column\">\n\t\t\t<div class=\"elementor-widget-wrap elementor-element-populated\">\n\t\t\t\t\t\t<div class=\"elementor-element elementor-element-8b68b3a elementor-widget elementor-widget-text-editor\" data-id=\"8b68b3a\" data-element_type=\"widget\" data-e-type=\"widget\" data-widget_type=\"text-editor.default\">\n\t\t\t\t\t\t\t\t\t<h1>Qu\u00e9 hacemos<\/h1>\n<p><\/p>\n<h2>Impuestos<\/h2>\n<p>Adem Costa Blanca prepara la declaraci\u00f3n anual de los impuestos de residentes y no residentes y media entre usted y los organismos p\u00fablicos.<\/p>\n<h2>Seguros<\/h2>\n<p>Adem Costa Blanca colabora con diversas compa\u00f1\u00edas aseguradoras como AXA\/Winterthur, DKV<\/p>\n<ul>\n<li>Seguros de continente y contenido<\/li>\n<li>Seguros de coche<\/li>\n<li>Seguros de enfermedad (p\u00f3lizas asistenciales particulares)<\/li>\n<li>Seguros de vida<\/li>\n<li>Seguros de responsabilidad civil<\/li>\n<li>Seguros de asistencia jur\u00eddica<\/li>\n<li>Seguros de accidentes<\/li>\n<li>Discapacidad laboral<\/li>\n<\/ul>\n<p>En caso de accidente o de da\u00f1os seremos su persona de contacto ante la compa\u00f1\u00eda aseguradora y en su caso ante organismos p\u00fablicos, asegurando una resoluci\u00f3n exitosa.<\/p>\n<h2>Instituciones espa\u00f1olas<\/h2>\n<p>Si vive en Espa\u00f1a o si lo tiene previsto, o si tiene o quiere comprar una casa en Espa\u00f1a, le afectar\u00e1 la legislaci\u00f3n espa\u00f1ola.<\/p>\n<p>Nosotros nos ocupamos de lo siguiente:<\/p>\n<ul>\n<li>El abogado adecuado<\/li>\n<li>Contactar con un notario<\/li>\n<li>Solicitar el NIE (n\u00famero de identificaci\u00f3n de ciudadanos extranjeros)<\/li>\n<li>Solicitar el permiso de residencia<\/li>\n<li>Renovar permisos de conducci\u00f3n<\/li>\n<li>Importar coches y matricularlos en Espa\u00f1a<\/li>\n<\/ul>\n<p><\/p>\n<h2>Mantenimiento de su casa, jard\u00edn y piscina<\/h2>\n<p>Adem Costa Blanca es una gestor\u00eda polivalente que le puede ayudar y asesorar en relaci\u00f3n a todo lo relacionado con su casa en X\u00e0bia.<\/p>\n<p>Incluso le podemos ayudar a encontrar mantenimiento para su casa, jard\u00edn y piscina.<\/p>\n<p>Asimismo le podemos asesorar y acompa\u00f1ar en caso de obra nueva o de reforma.<\/p>\n<p>Somos la direcci\u00f3n postal de muchos de nuestros clientes. El correo se puede recoger diariamente en nuestra oficina.<\/p>\n<h2>Empresas<\/h2>\n<p>Adem Costa Blanca tambi\u00e9n es una gestor\u00eda para empresas, ofreci\u00e9ndole todo lo relativo a la contabilidad de su empresa. Le asesoraremos en las \u00e1reas de asuntos de personal, de fiscalidad y temas jur\u00eddicos. Le ayudaremos a constituir su empresa, le prepararemos ante posibles inspecciones de la agencia tributaria espa\u00f1ola y gestionamos todo lo relacionado con el pago de los impuestos de empresarios y de aut\u00f3nomos. Adem\u00e1s, naturalmente, de dar de alta su empresa en la seguridad social y en la agencia tributaria.<\/p>\n\t\t\t\t\t\t\t\t<\/div>\n\t\t\t\t\t<\/div>\n\t\t<\/div>\n\t\t\t\t\t<\/div>\n\t\t<\/section>\n\t\t\t\t<\/div>\n\t\t","protected":false},"excerpt":{"rendered":"<p>Qu\u00e9 hacemos Impuestos Adem Costa Blanca prepara la declaraci\u00f3n anual de los impuestos de residentes y no residentes y media entre usted y los organismos p\u00fablicos. Seguros Adem Costa Blanca colabora con diversas compa\u00f1\u00edas aseguradoras como AXA\/Winterthur, DKV Seguros de continente y contenido Seguros de coche Seguros de enfermedad (p\u00f3lizas asistenciales particulares) Seguros de vida [&hellip;]<\/p>\n","protected":false},"author":1,"featured_media":0,"parent":0,"menu_order":20,"comment_status":"closed","ping_status":"closed","template":"elementor_header_footer","meta":{"footnotes":""},"class_list":["post-156","page","type-page","status-publish","hentry"],"_links":{"self":[{"href":"https:\/\/gestorjavea.com\/es\/wp-json\/wp\/v2\/pages\/156","targetHints":{"allow":["GET"]}}],"collection":[{"href":"https:\/\/gestorjavea.com\/es\/wp-json\/wp\/v2\/pages"}],"about":[{"href":"https:\/\/gestorjavea.com\/es\/wp-json\/wp\/v2\/types\/page"}],"author":[{"embeddable":true,"href":"https:\/\/gestorjavea.com\/es\/wp-json\/wp\/v2\/users\/1"}],"replies":[{"embeddable":true,"href":"https:\/\/gestorjavea.com\/es\/wp-json\/wp\/v2\/comments?post=156"}],"version-history":[{"count":3,"href":"https:\/\/gestorjavea.com\/es\/wp-json\/wp\/v2\/pages\/156\/revisions"}],"predecessor-version":[{"id":576,"href":"https:\/\/gestorjavea.com\/es\/wp-json\/wp\/v2\/pages\/156\/revisions\/576"}],"wp:attachment":[{"href":"https:\/\/gestorjavea.com\/es\/wp-json\/wp\/v2\/media?parent=156"}],"curies":[{"name":"wp","href":"https:\/\/api.w.org\/{rel}","templated":true}]}}