{"id":132,"date":"2021-01-11T20:36:06","date_gmt":"2021-01-11T19:36:06","guid":{"rendered":"https:\/\/gestorjavea.com\/quienes-somos\/"},"modified":"2025-10-07T19:05:45","modified_gmt":"2025-10-07T17:05:45","slug":"quienes-somos","status":"publish","type":"page","link":"https:\/\/gestorjavea.com\/es\/quienes-somos\/","title":{"rendered":"Qui\u00e9nes somos"},"content":{"rendered":"\t\t<div data-elementor-type=\"wp-page\" data-elementor-id=\"132\" class=\"elementor elementor-132 elementor-75\" data-elementor-post-type=\"page\">\n\t\t\t\t\t\t<section class=\"elementor-section elementor-top-section elementor-element elementor-element-e974367 elementor-section-boxed elementor-section-height-default elementor-section-height-default\" data-id=\"e974367\" data-element_type=\"section\" data-e-type=\"section\">\n\t\t\t\t\t\t<div class=\"elementor-container elementor-column-gap-default\">\n\t\t\t\t\t<div class=\"elementor-column elementor-col-100 elementor-top-column elementor-element elementor-element-0a7a820\" data-id=\"0a7a820\" data-element_type=\"column\" data-e-type=\"column\">\n\t\t\t<div class=\"elementor-widget-wrap elementor-element-populated\">\n\t\t\t\t\t\t<div class=\"elementor-element elementor-element-0c0c638 elementor-widget elementor-widget-heading\" data-id=\"0c0c638\" data-element_type=\"widget\" data-e-type=\"widget\" data-widget_type=\"heading.default\">\n\t\t\t\t\t<h1 class=\"elementor-heading-title elementor-size-default\">Adem Macha, qui\u00e9nes somos<\/h1>\t\t\t\t<\/div>\n\t\t\t\t<div class=\"elementor-element elementor-element-8a5d44d elementor-widget elementor-widget-text-editor\" data-id=\"8a5d44d\" data-element_type=\"widget\" data-e-type=\"widget\" data-widget_type=\"text-editor.default\">\n\t\t\t\t\t\t\t\t\t<p>Adem Costa Blanca es una peque\u00f1a organizaci\u00f3n (una gestor\u00eda) especializada en seguros y fiscalidad.<\/p>\n<p>Desde hace m\u00e1s de 30 a\u00f1os nos ocupamos de estos asuntos para residentes y no residentes en X\u00e0bia.<\/p>\n<p>Tambi\u00e9n ofrecemos servicios en materia fiscal a la empresa.<\/p>\n<p>Velamos por su tranquilidad en relaci\u00f3n a su propiedad en Espa\u00f1a. [En castellano, sobrar\u00eda acaso remarcar lo de \u00aben Espa\u00f1a\u00bb, se podr\u00eda poner \u00absu casa en la costa\u00bb, etc.]<\/p>\n\t\t\t\t\t\t\t\t<\/div>\n\t\t\t\t\t<\/div>\n\t\t<\/div>\n\t\t\t\t\t<\/div>\n\t\t<\/section>\n\t\t\t\t<section class=\"elementor-section elementor-top-section elementor-element elementor-element-90ac8ed elementor-section-boxed elementor-section-height-default elementor-section-height-default\" data-id=\"90ac8ed\" data-element_type=\"section\" data-e-type=\"section\">\n\t\t\t\t\t\t<div class=\"elementor-container elementor-column-gap-default\">\n\t\t\t\t\t<div class=\"elementor-column elementor-col-100 elementor-top-column elementor-element elementor-element-b9bd623\" data-id=\"b9bd623\" data-element_type=\"column\" data-e-type=\"column\">\n\t\t\t<div class=\"elementor-widget-wrap elementor-element-populated\">\n\t\t\t\t\t\t<div class=\"elementor-element elementor-element-87e3755 elementor-widget elementor-widget-heading\" data-id=\"87e3755\" data-element_type=\"widget\" data-e-type=\"widget\" data-widget_type=\"heading.default\">\n\t\t\t\t\t<h2 class=\"elementor-heading-title elementor-size-default\">\u00c9ste es nuestro equipo:<\/h2>\t\t\t\t<\/div>\n\t\t\t\t<section class=\"elementor-section elementor-inner-section elementor-element elementor-element-0559ce7 elementor-section-boxed elementor-section-height-default elementor-section-height-default\" data-id=\"0559ce7\" data-element_type=\"section\" data-e-type=\"section\">\n\t\t\t\t\t\t<div class=\"elementor-container elementor-column-gap-default\">\n\t\t\t\t\t<div class=\"elementor-column elementor-col-33 elementor-inner-column elementor-element elementor-element-27d6154\" data-id=\"27d6154\" data-element_type=\"column\" data-e-type=\"column\">\n\t\t\t<div class=\"elementor-widget-wrap elementor-element-populated\">\n\t\t\t\t\t\t<div class=\"elementor-element elementor-element-95273a2 elementor-position-left elementor-vertical-align-top elementor-widget elementor-widget-image-box\" data-id=\"95273a2\" data-element_type=\"widget\" data-e-type=\"widget\" data-widget_type=\"image-box.default\">\n\t\t\t\t\t<div class=\"elementor-image-box-wrapper\"><figure class=\"elementor-image-box-img\"><img decoding=\"async\" src=\"https:\/\/gestorjavea.com\/wp-content\/uploads\/elementor\/thumbs\/Charlotte-van-der-Werf-p21ijmc6fhjq6j0z8n4duhr548512exgpfmtnqoa0o.jpg\" title=\"Charlotte-van-der-Werf\" alt=\"Charlotte-van-der-Werf\" class=\"elementor-animation-grow\" loading=\"lazy\" \/><\/figure><div class=\"elementor-image-box-content\"><h4 class=\"elementor-image-box-title\">Charlotte van der Werf<\/h4><p class=\"elementor-image-box-description\">30 a\u00f1os de experiencia en materia de impuestos para residentes <\/p><\/div><\/div>\t\t\t\t<\/div>\n\t\t\t\t\t<\/div>\n\t\t<\/div>\n\t\t\t\t<div class=\"elementor-column elementor-col-33 elementor-inner-column elementor-element elementor-element-9a672e7\" data-id=\"9a672e7\" data-element_type=\"column\" data-e-type=\"column\">\n\t\t\t<div class=\"elementor-widget-wrap elementor-element-populated\">\n\t\t\t\t\t\t<div class=\"elementor-element elementor-element-8f636d6 elementor-position-left elementor-vertical-align-top elementor-widget elementor-widget-image-box\" data-id=\"8f636d6\" data-element_type=\"widget\" data-e-type=\"widget\" data-widget_type=\"image-box.default\">\n\t\t\t\t\t<div class=\"elementor-image-box-wrapper\"><figure class=\"elementor-image-box-img\"><img decoding=\"async\" src=\"https:\/\/gestorjavea.com\/wp-content\/uploads\/elementor\/thumbs\/Lourdes-Buigues-Carrals-p21ijjinuzfv7p52p3wi50grc2ixfbm9p1od7wsgjc.jpg\" title=\"Lourdes-Buigues-Carrals\" alt=\"Lourdes-Buigues-Carrals\" class=\"elementor-animation-grow\" loading=\"lazy\" \/><\/figure><div class=\"elementor-image-box-content\"><h4 class=\"elementor-image-box-title\">Lourdes Buigues Carrals <\/h4><p class=\"elementor-image-box-description\">atenci\u00f3n al cliente <br>administraci\u00f3n   <br>seguros<\/p><\/div><\/div>\t\t\t\t<\/div>\n\t\t\t\t\t<\/div>\n\t\t<\/div>\n\t\t\t\t<div class=\"elementor-column elementor-col-33 elementor-inner-column elementor-element elementor-element-6b33a01\" data-id=\"6b33a01\" data-element_type=\"column\" data-e-type=\"column\">\n\t\t\t<div class=\"elementor-widget-wrap elementor-element-populated\">\n\t\t\t\t\t\t<div class=\"elementor-element elementor-element-30f03f2 elementor-position-left elementor-vertical-align-top elementor-widget elementor-widget-image-box\" data-id=\"30f03f2\" data-element_type=\"widget\" data-e-type=\"widget\" data-widget_type=\"image-box.default\">\n\t\t\t\t\t<div class=\"elementor-image-box-wrapper\"><figure class=\"elementor-image-box-img\"><img decoding=\"async\" src=\"https:\/\/gestorjavea.com\/wp-content\/uploads\/elementor\/thumbs\/bettine-niehoff-rcv6lvizi9vmv7jsjm7d5f4falx7gyto0t5b0c5wag.jpg\" title=\"bettine-niehoff\" alt=\"bettine-niehoff\" class=\"elementor-animation-grow\" loading=\"lazy\" \/><\/figure><div class=\"elementor-image-box-content\"><h4 class=\"elementor-image-box-title\">Bettina Niehoff<\/h4><p class=\"elementor-image-box-description\">atenci\u00f3n al cliente <br>administraci\u00f3n   <br>seguros<\/p><\/div><\/div>\t\t\t\t<\/div>\n\t\t\t\t\t<\/div>\n\t\t<\/div>\n\t\t\t\t\t<\/div>\n\t\t<\/section>\n\t\t\t\t\t<\/div>\n\t\t<\/div>\n\t\t\t\t\t<\/div>\n\t\t<\/section>\n\t\t\t\t<\/div>\n\t\t","protected":false},"excerpt":{"rendered":"<p>Adem Macha, qui\u00e9nes somos Adem Costa Blanca es una peque\u00f1a organizaci\u00f3n (una gestor\u00eda) especializada en seguros y fiscalidad. Desde hace m\u00e1s de 30 a\u00f1os nos ocupamos de estos asuntos para residentes y no residentes en X\u00e0bia. Tambi\u00e9n ofrecemos servicios en materia fiscal a la empresa. Velamos por su tranquilidad en relaci\u00f3n a su propiedad en [&hellip;]<\/p>\n","protected":false},"author":1,"featured_media":0,"parent":0,"menu_order":10,"comment_status":"closed","ping_status":"closed","template":"","meta":{"footnotes":""},"class_list":["post-132","page","type-page","status-publish","hentry"],"_links":{"self":[{"href":"https:\/\/gestorjavea.com\/es\/wp-json\/wp\/v2\/pages\/132","targetHints":{"allow":["GET"]}}],"collection":[{"href":"https:\/\/gestorjavea.com\/es\/wp-json\/wp\/v2\/pages"}],"about":[{"href":"https:\/\/gestorjavea.com\/es\/wp-json\/wp\/v2\/types\/page"}],"author":[{"embeddable":true,"href":"https:\/\/gestorjavea.com\/es\/wp-json\/wp\/v2\/users\/1"}],"replies":[{"embeddable":true,"href":"https:\/\/gestorjavea.com\/es\/wp-json\/wp\/v2\/comments?post=132"}],"version-history":[{"count":4,"href":"https:\/\/gestorjavea.com\/es\/wp-json\/wp\/v2\/pages\/132\/revisions"}],"predecessor-version":[{"id":622,"href":"https:\/\/gestorjavea.com\/es\/wp-json\/wp\/v2\/pages\/132\/revisions\/622"}],"wp:attachment":[{"href":"https:\/\/gestorjavea.com\/es\/wp-json\/wp\/v2\/media?parent=132"}],"curies":[{"name":"wp","href":"https:\/\/api.w.org\/{rel}","templated":true}]}}