{"id":130,"date":"2021-01-11T20:34:13","date_gmt":"2021-01-11T19:34:13","guid":{"rendered":"https:\/\/gestorjavea.com\/home\/"},"modified":"2025-10-03T11:02:10","modified_gmt":"2025-10-03T09:02:10","slug":"home","status":"publish","type":"page","link":"https:\/\/gestorjavea.com\/es\/","title":{"rendered":"Home"},"content":{"rendered":"\t\t<div data-elementor-type=\"wp-page\" data-elementor-id=\"130\" class=\"elementor elementor-130 elementor-2\" data-elementor-post-type=\"page\">\n\t\t\t\t<div class=\"elementor-element elementor-element-18bfe57 e-con-full e-flex e-con e-parent\" data-id=\"18bfe57\" data-element_type=\"container\" data-e-type=\"container\" data-settings=\"{&quot;background_background&quot;:&quot;slideshow&quot;,&quot;background_slideshow_gallery&quot;:[{&quot;id&quot;:414,&quot;url&quot;:&quot;https:\\\/\\\/gestorjavea.com\\\/wp-content\\\/uploads\\\/2021\\\/02\\\/adem-macha-sl-web.jpg&quot;},{&quot;id&quot;:583,&quot;url&quot;:&quot;https:\\\/\\\/gestorjavea.com\\\/wp-content\\\/uploads\\\/2025\\\/10\\\/adem-macha-sl-web.jpg&quot;}],&quot;background_slideshow_ken_burns&quot;:&quot;yes&quot;,&quot;background_slideshow_slide_duration&quot;:15000,&quot;background_slideshow_transition_duration&quot;:1500,&quot;background_slideshow_lazyload&quot;:&quot;yes&quot;,&quot;background_slideshow_loop&quot;:&quot;yes&quot;,&quot;background_slideshow_slide_transition&quot;:&quot;fade&quot;,&quot;background_slideshow_ken_burns_zoom_direction&quot;:&quot;in&quot;}\">\n\t\t<div class=\"elementor-element elementor-element-05ca928 e-con-full e-flex e-con e-child\" data-id=\"05ca928\" data-element_type=\"container\" data-e-type=\"container\">\n\t\t<div class=\"elementor-element elementor-element-e9d8799 e-flex e-con-boxed e-con e-child\" data-id=\"e9d8799\" data-element_type=\"container\" data-e-type=\"container\">\n\t\t\t\t\t<div class=\"e-con-inner\">\n\t\t\t\t<div class=\"elementor-element elementor-element-c0a913c elementor-widget elementor-widget-text-editor\" data-id=\"c0a913c\" data-element_type=\"widget\" data-e-type=\"widget\" data-widget_type=\"text-editor.default\">\n\t\t\t\t\t\t\t\t\t<h1>Su asesor\u00eda, tanto para usted como para su casa, en J\u00e1vea y alrededores\u201d<\/h3>\n<p>Oficina de servicios globales y fuente de informaci\u00f3n especializada en materia de impuestos y seguros.<\/p>\n\t\t\t\t\t\t\t\t<\/div>\n\t\t\t\t\t<\/div>\n\t\t\t\t<\/div>\n\t\t\t\t<\/div>\n\t\t\t\t<\/div>\n\t\t<div class=\"elementor-element elementor-element-d818adc e-flex e-con-boxed e-con e-parent\" data-id=\"d818adc\" data-element_type=\"container\" data-e-type=\"container\">\n\t\t\t\t\t<div class=\"e-con-inner\">\n\t\t<div class=\"elementor-element elementor-element-7fa2580 e-con-full e-flex e-con e-child\" data-id=\"7fa2580\" data-element_type=\"container\" data-e-type=\"container\">\n\t\t\t\t<div class=\"elementor-element elementor-element-cbdebed elementor-widget elementor-widget-text-editor\" data-id=\"cbdebed\" data-element_type=\"widget\" data-e-type=\"widget\" data-widget_type=\"text-editor.default\">\n\t\t\t\t\t\t\t\t\t<h2>\u00a1Bienvenido a nuestra web!<\/h2>\n<p>ADEM Costa Blanca\u00a0es una peque\u00f1a gestor\u00eda especializada en seguros e impuestos. Llevamos m\u00e1s de 30 a\u00f1os ocup\u00e1ndonos de estos asuntos para residentes y no residentes en J\u00e1vea y alrededores.<\/p>\n<p>Tambi\u00e9n puede contactarnos para asesoramiento legal, asuntos notariales y municipales y peque\u00f1as reformas.<\/p>\n<p>El mantenimiento de la casa, el jard\u00edn y la piscina puede ser organizado por nosotros.<\/p>\n<p>Para los peque\u00f1os problemas diarios tratamos de encontrar una soluci\u00f3n para que puedas disfrutar de tu estancia en Espa\u00f1a sin preocupaciones.<\/p>\n\t\t\t\t\t\t\t\t<\/div>\n\t\t\t\t<\/div>\n\t\t\t\t\t<\/div>\n\t\t\t\t<\/div>\n\t\t<div class=\"elementor-element elementor-element-3bbe0d1 e-flex e-con-boxed e-con e-parent\" data-id=\"3bbe0d1\" data-element_type=\"container\" data-e-type=\"container\" data-settings=\"{&quot;background_background&quot;:&quot;classic&quot;}\">\n\t\t\t\t\t<div class=\"e-con-inner\">\n\t\t\t\t<div class=\"elementor-element elementor-element-b966092 elementor-widget elementor-widget-heading\" data-id=\"b966092\" data-element_type=\"widget\" data-e-type=\"widget\" data-widget_type=\"heading.default\">\n\t\t\t\t\t<h4 class=\"elementor-heading-title elementor-size-default\">ADEM Costa Blanca conoce al experto m\u00e1s adecuado para la soluci\u00f3n de su problema.<br>\u00a1H\u00e1ganos una visita y le ense\u00f1aremos c\u00f3mo hacerlo!<\/h4>\t\t\t\t<\/div>\n\t\t\t\t\t<\/div>\n\t\t\t\t<\/div>\n\t\t<div class=\"elementor-element elementor-element-1957249 e-flex e-con-boxed e-con e-parent\" data-id=\"1957249\" data-element_type=\"container\" data-e-type=\"container\" data-settings=\"{&quot;background_background&quot;:&quot;classic&quot;}\">\n\t\t\t\t\t<div class=\"e-con-inner\">\n\t\t<div class=\"elementor-element elementor-element-30738d6 e-con-full e-flex e-con e-child\" data-id=\"30738d6\" data-element_type=\"container\" data-e-type=\"container\">\n\t\t\t\t<div class=\"elementor-element elementor-element-d77066b elementor-widget elementor-widget-heading\" data-id=\"d77066b\" data-element_type=\"widget\" data-e-type=\"widget\" data-widget_type=\"heading.default\">\n\t\t\t\t\t<h2 class=\"elementor-heading-title elementor-size-default\">Opiniones<\/h2>\t\t\t\t<\/div>\n\t\t\t\t<div class=\"elementor-element elementor-element-0f19aec elementor-testimonial--skin-default elementor-testimonial--layout-image_inline elementor-testimonial--align-center elementor-arrows-yes elementor-pagination-type-bullets elementor-widget elementor-widget-testimonial-carousel\" data-id=\"0f19aec\" data-element_type=\"widget\" data-e-type=\"widget\" data-settings=\"{&quot;speed&quot;:1500,&quot;show_arrows&quot;:&quot;yes&quot;,&quot;pagination&quot;:&quot;bullets&quot;,&quot;autoplay&quot;:&quot;yes&quot;,&quot;autoplay_speed&quot;:5000,&quot;loop&quot;:&quot;yes&quot;,&quot;pause_on_hover&quot;:&quot;yes&quot;,&quot;pause_on_interaction&quot;:&quot;yes&quot;,&quot;space_between&quot;:{&quot;unit&quot;:&quot;px&quot;,&quot;size&quot;:10,&quot;sizes&quot;:[]},&quot;space_between_tablet&quot;:{&quot;unit&quot;:&quot;px&quot;,&quot;size&quot;:10,&quot;sizes&quot;:[]},&quot;space_between_mobile&quot;:{&quot;unit&quot;:&quot;px&quot;,&quot;size&quot;:10,&quot;sizes&quot;:[]}}\" data-widget_type=\"testimonial-carousel.default\">\n\t\t\t\t\t\t\t\t\t\t<div class=\"elementor-main-swiper swiper\" role=\"region\" aria-roledescription=\"carousel\" aria-label=\"Slides\">\n\t\t\t\t<div class=\"swiper-wrapper\">\n\t\t\t\t\t\t\t\t\t\t\t<div class=\"swiper-slide\" role=\"group\" aria-roledescription=\"slide\">\n\t\t\t\t\t\t\t\t\t<div class=\"elementor-testimonial\">\n\t\t\t\t\t\t\t<div class=\"elementor-testimonial__content\">\n\t\t\t\t\t<div class=\"elementor-testimonial__text\">\n\t\t\t\t\t\t<p>De camino al aeropuerto de Alicante nuestro coche se averi\u00f3. Ten\u00edamos que llegar a tiempo para el avi\u00f3n a Holanda. En ese momento no ten\u00edamos a nadie a quien llamar, salvo a Charlotte. En menos de un cuarto de hora apareci\u00f3 un amable taxista que nos llev\u00f3 al aeropuerto. Mientras tanto, Charlotte hab\u00eda avisado a una gr\u00faa que llevar\u00eda nuestro coche a un taller, donde una semana m\u00e1s tarde nos esperaba nuestro coche totalmente reparado. \u00a1Eso es un buen servicio! \u00a1Muchas gracias, Charlotte!<\/p>\n\t\t\t\t\t<\/div>\n\t\t\t\t\t\t\t\t\t<\/div>\n\t\t\t\t\t\t<div class=\"elementor-testimonial__footer\">\n\t\t\t\t\t\t\t\t<cite class=\"elementor-testimonial__cite\"><span class=\"elementor-testimonial__name\"> Gert y Jarien<\/span><\/cite>\t\t\t<\/div>\n\t\t<\/div>\n\t\t\t\t\t\t\t\t<\/div>\n\t\t\t\t\t\t\t\t\t\t\t<div class=\"swiper-slide\" role=\"group\" aria-roledescription=\"slide\">\n\t\t\t\t\t\t\t\t\t<div class=\"elementor-testimonial\">\n\t\t\t\t\t\t\t<div class=\"elementor-testimonial__content\">\n\t\t\t\t\t<div class=\"elementor-testimonial__text\">\n\t\t\t\t\t\t<p>Llegamos por la noche a casa, tras viajar desde Holanda. Encendimos las luces y comprobamos las conexiones. Vaya, no se ven los canales holandeses en la televisi\u00f3n y el acceso a internet de Movistar no funciona. Te quedas como desconectado del mundo exterior. No pudimos hacer otra cosa que irnos a dormir. Al d\u00eda siguiente nos fuimos a Adem Macha. Amparo llam\u00f3 a Movistar. Ese mismo d\u00eda vino un t\u00e9cnico de la empresa que lo repar\u00f3 todo. Al parecer, alguien, seguramente yo misma, confundi\u00f3 una clavija de la conexi\u00f3n de ADSL. En cuanto a la televisi\u00f3n, bast\u00f3 con una llamada a la empresa de dos instaladores holandeses (Michiel y Peter) para resolver mi problema. \u00a1Gracias a Amparo y a Charlotte!<\/p>\n\t\t\t\t\t<\/div>\n\t\t\t\t\t\t\t\t\t<\/div>\n\t\t\t\t\t\t<div class=\"elementor-testimonial__footer\">\n\t\t\t\t\t\t\t\t<cite class=\"elementor-testimonial__cite\"><span class=\"elementor-testimonial__name\"> Sylvia y Willy Melgert<\/span><\/cite>\t\t\t<\/div>\n\t\t<\/div>\n\t\t\t\t\t\t\t\t<\/div>\n\t\t\t\t\t\t\t\t\t\t\t<div class=\"swiper-slide\" role=\"group\" aria-roledescription=\"slide\">\n\t\t\t\t\t\t\t\t\t<div class=\"elementor-testimonial\">\n\t\t\t\t\t\t\t<div class=\"elementor-testimonial__content\">\n\t\t\t\t\t<div class=\"elementor-testimonial__text\">\n\t\t\t\t\t\t<p>Llegamos a nuestra casa en J\u00e1vea el domingo por la noche y result\u00f3 que no ten\u00edamos luz. Mirando los interruptores en nuestro armario central de medidores con una linterna, pero result\u00f3 que no hab\u00eda nada de malo en eso. El lunes por la ma\u00f1ana fue inmediatamente a Adem Macha, por supuesto. Amparo llamado Iberdrola. Debido a un error del banco, result\u00f3 que no se hab\u00eda realizado el \u00faltimo pago a plazos. Amparo solucion\u00f3 el problema y volvimos a tener energ\u00eda ese mismo d\u00eda. \u00a1Gracias Amparo!<\/p>\n\t\t\t\t\t<\/div>\n\t\t\t\t\t\t\t\t\t<\/div>\n\t\t\t\t\t\t<div class=\"elementor-testimonial__footer\">\n\t\t\t\t\t\t\t\t<cite class=\"elementor-testimonial__cite\"><span class=\"elementor-testimonial__name\"> Wilhelm y Uta Muller<\/span><\/cite>\t\t\t<\/div>\n\t\t<\/div>\n\t\t\t\t\t\t\t\t<\/div>\n\t\t\t\t\t\t\t\t\t\t\t<div class=\"swiper-slide\" role=\"group\" aria-roledescription=\"slide\">\n\t\t\t\t\t\t\t\t\t<div class=\"elementor-testimonial\">\n\t\t\t\t\t\t\t<div class=\"elementor-testimonial__content\">\n\t\t\t\t\t<div class=\"elementor-testimonial__text\">\n\t\t\t\t\t\t<p>Estando en Holanda, nos llam\u00f3 nuestro banco espa\u00f1ol advirtiendo de la llegada de una factura de la empresa municipal de aguas Amjasa, que ascend\u00eda a 4000 \u20ac. \u00a1Imposible!, fue el primer pensamiento. Decidimos llamar a Charlotte de Adem Macha. Pronto se supo que hab\u00eda una enorme fuga en nuestra casa. Adem Macha gestion\u00f3 la r\u00e1pida reparaci\u00f3n por parte de un t\u00e9cnico especializado, y adem\u00e1s lograron negociar con Amjasa de forma que s\u00f3lo tuvimos que pagar una parte de los consumos causados por la fuga. Gracias a Charlotte.<\/p>\n\t\t\t\t\t<\/div>\n\t\t\t\t\t\t\t\t\t<\/div>\n\t\t\t\t\t\t<div class=\"elementor-testimonial__footer\">\n\t\t\t\t\t\t\t\t<cite class=\"elementor-testimonial__cite\"><span class=\"elementor-testimonial__name\"> Gijs y Linda van Ooi<\/span><\/cite>\t\t\t<\/div>\n\t\t<\/div>\n\t\t\t\t\t\t\t\t<\/div>\n\t\t\t\t\t\t\t\t\t\t\t<div class=\"swiper-slide\" role=\"group\" aria-roledescription=\"slide\">\n\t\t\t\t\t\t\t\t\t<div class=\"elementor-testimonial\">\n\t\t\t\t\t\t\t<div class=\"elementor-testimonial__content\">\n\t\t\t\t\t<div class=\"elementor-testimonial__text\">\n\t\t\t\t\t\t<p>Al construir nuestra casa de obra nueva en J\u00e1vea tuvimos que pagar una garant\u00eda por obras de construcci\u00f3n de varios miles de euros en relaci\u00f3n a la infraestructura de la casa. El ayuntamiento devuelve esa garant\u00eda despu\u00e9s de varios a\u00f1os, pero hay que solicitarlo mediante formularios y papeleos. Adem Macha se ocup\u00f3 de todo y en el plazo previsto nos devolvieron esa garant\u00eda municipal.<\/p>\n\t\t\t\t\t<\/div>\n\t\t\t\t\t\t\t\t\t<\/div>\n\t\t\t\t\t\t<div class=\"elementor-testimonial__footer\">\n\t\t\t\t\t\t\t\t<cite class=\"elementor-testimonial__cite\"><span class=\"elementor-testimonial__name\"> Liesbeth y Peter  <\/span><\/cite>\t\t\t<\/div>\n\t\t<\/div>\n\t\t\t\t\t\t\t\t<\/div>\n\t\t\t\t\t\t\t\t\t<\/div>\n\t\t\t\t\t\t\t\t\t\t\t\t\t\t\t<div class=\"elementor-swiper-button elementor-swiper-button-prev\" role=\"button\" tabindex=\"0\" aria-label=\"Anterior\">\n\t\t\t\t\t\t\t<i aria-hidden=\"true\" class=\"eicon-chevron-left\"><\/i>\t\t\t\t\t\t<\/div>\n\t\t\t\t\t\t<div class=\"elementor-swiper-button elementor-swiper-button-next\" role=\"button\" tabindex=\"0\" aria-label=\"Siguiente\">\n\t\t\t\t\t\t\t<i aria-hidden=\"true\" class=\"eicon-chevron-right\"><\/i>\t\t\t\t\t\t<\/div>\n\t\t\t\t\t\t\t\t\t\t\t\t\t\t\t\t<div class=\"swiper-pagination\"><\/div>\n\t\t\t\t\t\t\t\t\t\t\t\t<\/div>\n\t\t\t\t\t\t\t\t<\/div>\n\t\t\t\t<\/div>\n\t\t\t\t\t<\/div>\n\t\t\t\t<\/div>\n\t\t\t\t<\/div>\n\t\t","protected":false},"excerpt":{"rendered":"<p>Su asesor\u00eda, tanto para usted como para su casa, en J\u00e1vea y alrededores\u201d Oficina de servicios globales y fuente de informaci\u00f3n especializada en materia de impuestos y seguros. \u00a1Bienvenido a nuestra web! ADEM Costa Blanca\u00a0es una peque\u00f1a gestor\u00eda especializada en seguros e impuestos. Llevamos m\u00e1s de 30 a\u00f1os ocup\u00e1ndonos de estos asuntos para residentes y [&hellip;]<\/p>\n","protected":false},"author":1,"featured_media":0,"parent":0,"menu_order":1,"comment_status":"closed","ping_status":"closed","template":"elementor_header_footer","meta":{"footnotes":""},"class_list":["post-130","page","type-page","status-publish","hentry"],"_links":{"self":[{"href":"https:\/\/gestorjavea.com\/es\/wp-json\/wp\/v2\/pages\/130","targetHints":{"allow":["GET"]}}],"collection":[{"href":"https:\/\/gestorjavea.com\/es\/wp-json\/wp\/v2\/pages"}],"about":[{"href":"https:\/\/gestorjavea.com\/es\/wp-json\/wp\/v2\/types\/page"}],"author":[{"embeddable":true,"href":"https:\/\/gestorjavea.com\/es\/wp-json\/wp\/v2\/users\/1"}],"replies":[{"embeddable":true,"href":"https:\/\/gestorjavea.com\/es\/wp-json\/wp\/v2\/comments?post=130"}],"version-history":[{"count":5,"href":"https:\/\/gestorjavea.com\/es\/wp-json\/wp\/v2\/pages\/130\/revisions"}],"predecessor-version":[{"id":598,"href":"https:\/\/gestorjavea.com\/es\/wp-json\/wp\/v2\/pages\/130\/revisions\/598"}],"wp:attachment":[{"href":"https:\/\/gestorjavea.com\/es\/wp-json\/wp\/v2\/media?parent=130"}],"curies":[{"name":"wp","href":"https:\/\/api.w.org\/{rel}","templated":true}]}}