{"id":163,"date":"2021-01-11T20:46:57","date_gmt":"2021-01-11T19:46:57","guid":{"rendered":"https:\/\/gestorjavea.com\/tarife\/"},"modified":"2025-10-03T09:26:34","modified_gmt":"2025-10-03T07:26:34","slug":"tarife","status":"publish","type":"page","link":"https:\/\/gestorjavea.com\/de\/tarife\/","title":{"rendered":"Preise"},"content":{"rendered":"\t\t<div data-elementor-type=\"wp-page\" data-elementor-id=\"163\" class=\"elementor elementor-163 elementor-95\" data-elementor-post-type=\"page\">\n\t\t\t\t\t\t<section class=\"elementor-section elementor-top-section elementor-element elementor-element-cd0b4f8 elementor-section-boxed elementor-section-height-default elementor-section-height-default\" data-id=\"cd0b4f8\" data-element_type=\"section\" data-e-type=\"section\">\n\t\t\t\t\t\t<div class=\"elementor-container elementor-column-gap-default\">\n\t\t\t\t\t<div class=\"elementor-column elementor-col-100 elementor-top-column elementor-element elementor-element-4e2a32b\" data-id=\"4e2a32b\" data-element_type=\"column\" data-e-type=\"column\">\n\t\t\t<div class=\"elementor-widget-wrap elementor-element-populated\">\n\t\t\t\t\t\t<div class=\"elementor-element elementor-element-563de9a elementor-widget elementor-widget-heading\" data-id=\"563de9a\" data-element_type=\"widget\" data-e-type=\"widget\" data-widget_type=\"heading.default\">\n\t\t\t\t\t<h1 class=\"elementor-heading-title elementor-size-default\">Preise<\/h1>\t\t\t\t<\/div>\n\t\t\t\t\t<\/div>\n\t\t<\/div>\n\t\t\t\t\t<\/div>\n\t\t<\/section>\n\t\t\t\t<section class=\"elementor-section elementor-top-section elementor-element elementor-element-7e4c84a elementor-section-boxed elementor-section-height-default elementor-section-height-default\" data-id=\"7e4c84a\" data-element_type=\"section\" data-e-type=\"section\">\n\t\t\t\t\t\t<div class=\"elementor-container elementor-column-gap-default\">\n\t\t\t\t\t<div class=\"elementor-column elementor-col-50 elementor-top-column elementor-element elementor-element-28f3be1\" data-id=\"28f3be1\" data-element_type=\"column\" data-e-type=\"column\">\n\t\t\t<div class=\"elementor-widget-wrap elementor-element-populated\">\n\t\t\t\t\t\t<div class=\"elementor-element elementor-element-1a96629 elementor-widget elementor-widget-text-editor\" data-id=\"1a96629\" data-element_type=\"widget\" data-e-type=\"widget\" data-widget_type=\"text-editor.default\">\n\t\t\t\t\t\t\t\t\t<p><strong>Paket:<\/strong><\/p>\n<ul>\n<li>Steuerliche Vertretung bei den Finanzbeh\u00f6rden\n<ul>\n<li>Einkommensteuer<\/li>\n<li>Verm\u00f6genssteuer<\/li>\n<\/ul>\n<p><\/li>\n<p> \t<\/p>\n<li>Kontrolle der Gemeindesteuern\n<ul>\n<li>Abfallgeb\u00fchr<\/li>\n<p> \t<\/p>\n<li>Kraftfahrzeugsteuer<\/li>\n<p> \t<\/p>\n<li>Grundsteuer<\/li>\n<p><\/ul>\n<p><\/li>\n<p> \t<\/p>\n<li>1 bis 2 Beratungen j\u00e4hrlich im B\u00fcro, mit Termin<\/li>\n<p><\/ul>\n\t\t\t\t\t\t\t\t<\/div>\n\t\t\t\t\t<\/div>\n\t\t<\/div>\n\t\t\t\t<div class=\"elementor-column elementor-col-50 elementor-top-column elementor-element elementor-element-d1da00a\" data-id=\"d1da00a\" data-element_type=\"column\" data-e-type=\"column\">\n\t\t\t<div class=\"elementor-widget-wrap elementor-element-populated\">\n\t\t\t\t\t\t<div class=\"elementor-element elementor-element-da7db45 elementor-align-justify elementor-widget elementor-widget-button\" data-id=\"da7db45\" data-element_type=\"widget\" data-e-type=\"widget\" data-widget_type=\"button.default\">\n\t\t\t\t\t\t\t\t\t\t<a class=\"elementor-button elementor-size-xl\" role=\"button\">\n\t\t\t\t\t\t<span class=\"elementor-button-content-wrapper\">\n\t\t\t\t\t\t\t\t\t<span class=\"elementor-button-text\">Tarif f\u00fcr Residenten<br>und Nicht-Residenten<br>auf Anfrage!<\/span>\n\t\t\t\t\t<\/span>\n\t\t\t\t\t<\/a>\n\t\t\t\t\t\t\t\t<\/div>\n\t\t\t\t\t<\/div>\n\t\t<\/div>\n\t\t\t\t\t<\/div>\n\t\t<\/section>\n\t\t\t\t<section class=\"elementor-section elementor-top-section elementor-element elementor-element-6e0ff18 elementor-section-boxed elementor-section-height-default elementor-section-height-default\" data-id=\"6e0ff18\" data-element_type=\"section\" data-e-type=\"section\">\n\t\t\t\t\t\t<div class=\"elementor-container elementor-column-gap-default\">\n\t\t\t\t\t<div class=\"elementor-column elementor-col-100 elementor-top-column elementor-element elementor-element-dd42e4f\" data-id=\"dd42e4f\" data-element_type=\"column\" data-e-type=\"column\">\n\t\t\t<div class=\"elementor-widget-wrap elementor-element-populated\">\n\t\t\t\t\t\t<div class=\"elementor-element elementor-element-a702f0d elementor-widget elementor-widget-heading\" data-id=\"a702f0d\" data-element_type=\"widget\" data-e-type=\"widget\" data-widget_type=\"heading.default\">\n\t\t\t\t\t<h2 class=\"elementor-heading-title elementor-size-default\">Extraleistungen mit kundenspezifischen Tarifen<\/h2>\t\t\t\t<\/div>\n\t\t\t\t<div class=\"elementor-element elementor-element-5e3310d elementor-widget elementor-widget-text-editor\" data-id=\"5e3310d\" data-element_type=\"widget\" data-e-type=\"widget\" data-widget_type=\"text-editor.default\">\n\t\t\t\t\t\t\t\t\t<ul>\n<li>Erkl\u00e4rung mit Angaben zum Auslandsverm\u00f6gen<\/li>\n<li>Abrechnung von Gemeindesteuern\n<ul>\n<li>Abfallgeb\u00fchr<\/li>\n<li>Kraftfahrzeugsteuer<\/li>\n<li>Grundsteuer<\/li>\n<\/ul>\n<p><\/li>\n<p> \t<\/p>\n<li>Steuererkl\u00e4rung f\u00fcr Mieteinnahmen<\/li>\n<p> \t<\/p>\n<li>Betreuung bei An- und Verk\u00e4ufen<\/li>\n<p> \t<\/p>\n<li>Betreuung bei der Auswanderung<\/li>\n<p> \t<\/p>\n<li>Hypothekenvermittlung<\/li>\n<p> \t<\/p>\n<li>Antr\u00e4ge auf Aufenthaltserlaubnis<\/li>\n<p> \t<\/p>\n<li>Korrespondenz<\/li>\n<p> \t<\/p>\n<li>Einfuhr von Kraftfahrzeugen<\/li>\n<p> \t<\/p>\n<li>Erneuerung\/Anerkennung von F\u00fchrerscheinen<\/li>\n<p> \t<\/p>\n<li>Rechtshilfe<\/li>\n<p> \t<\/p>\n<li>Beantragung von Genehmigungen<\/li>\n<p> \t<\/p>\n<li>Kleinere Renovierungsarbeiten<\/li>\n<p> \t<\/p>\n<li>Reinigungsservice<\/li>\n<p> \t<\/p>\n<li>Probleml\u00f6sung, auch in Ihrer Abwesenheit<\/li>\n<p><\/ul>\n\t\t\t\t\t\t\t\t<\/div>\n\t\t\t\t\t<\/div>\n\t\t<\/div>\n\t\t\t\t\t<\/div>\n\t\t<\/section>\n\t\t\t\t<section class=\"elementor-section elementor-top-section elementor-element elementor-element-4a9c4ab elementor-section-boxed elementor-section-height-default elementor-section-height-default\" data-id=\"4a9c4ab\" data-element_type=\"section\" data-e-type=\"section\">\n\t\t\t\t\t\t<div class=\"elementor-container elementor-column-gap-default\">\n\t\t\t\t\t<div class=\"elementor-column elementor-col-100 elementor-top-column elementor-element elementor-element-6727c03\" data-id=\"6727c03\" data-element_type=\"column\" data-e-type=\"column\">\n\t\t\t<div class=\"elementor-widget-wrap elementor-element-populated\">\n\t\t\t\t\t\t<div class=\"elementor-element elementor-element-c944bfc elementor-widget elementor-widget-text-editor\" data-id=\"c944bfc\" data-element_type=\"widget\" data-e-type=\"widget\" data-widget_type=\"text-editor.default\">\n\t\t\t\t\t\t\t\t\t<h2>Preise f\u00fcr Unternehmen<\/h2>\n<p>Wir \u00fcbernehmen Formalit\u00e4ten wie:<\/p>\n<ul>\n<li>Personal- und Steuerangelegenheiten<\/li>\n<li>Rechtliche Angelegenheiten<\/li>\n<li>Unternehmensgr\u00fcndungen<\/li>\n<li>Vorbereitung von Steuerpr\u00fcfungen<\/li>\n<li>Anmeldungen zur Sozialversicherung<\/li>\n<\/ul>\n<p>Preise je nach Unternehmensgr\u00f6\u00dfe und -typ.<\/p>\n\t\t\t\t\t\t\t\t<\/div>\n\t\t\t\t\t<\/div>\n\t\t<\/div>\n\t\t\t\t\t<\/div>\n\t\t<\/section>\n\t\t\t\t<\/div>\n\t\t","protected":false},"excerpt":{"rendered":"<p>Preise Paket: Steuerliche Vertretung bei den Finanzbeh\u00f6rden Einkommensteuer Verm\u00f6genssteuer Kontrolle der Gemeindesteuern Abfallgeb\u00fchr Kraftfahrzeugsteuer Grundsteuer 1 bis 2 Beratungen j\u00e4hrlich im B\u00fcro, mit Termin Tarif f\u00fcr Residentenund Nicht-Residentenauf Anfrage! Extraleistungen mit kundenspezifischen Tarifen Erkl\u00e4rung mit Angaben zum Auslandsverm\u00f6gen Abrechnung von Gemeindesteuern Abfallgeb\u00fchr Kraftfahrzeugsteuer Grundsteuer Steuererkl\u00e4rung f\u00fcr Mieteinnahmen Betreuung bei An- und Verk\u00e4ufen Betreuung bei der [&hellip;]<\/p>\n","protected":false},"author":1,"featured_media":0,"parent":0,"menu_order":30,"comment_status":"closed","ping_status":"closed","template":"elementor_header_footer","meta":{"footnotes":""},"class_list":["post-163","page","type-page","status-publish","hentry"],"_links":{"self":[{"href":"https:\/\/gestorjavea.com\/de\/wp-json\/wp\/v2\/pages\/163","targetHints":{"allow":["GET"]}}],"collection":[{"href":"https:\/\/gestorjavea.com\/de\/wp-json\/wp\/v2\/pages"}],"about":[{"href":"https:\/\/gestorjavea.com\/de\/wp-json\/wp\/v2\/types\/page"}],"author":[{"embeddable":true,"href":"https:\/\/gestorjavea.com\/de\/wp-json\/wp\/v2\/users\/1"}],"replies":[{"embeddable":true,"href":"https:\/\/gestorjavea.com\/de\/wp-json\/wp\/v2\/comments?post=163"}],"version-history":[{"count":5,"href":"https:\/\/gestorjavea.com\/de\/wp-json\/wp\/v2\/pages\/163\/revisions"}],"predecessor-version":[{"id":570,"href":"https:\/\/gestorjavea.com\/de\/wp-json\/wp\/v2\/pages\/163\/revisions\/570"}],"wp:attachment":[{"href":"https:\/\/gestorjavea.com\/de\/wp-json\/wp\/v2\/media?parent=163"}],"curies":[{"name":"wp","href":"https:\/\/api.w.org\/{rel}","templated":true}]}}