{"id":140,"date":"2021-01-11T20:39:51","date_gmt":"2021-01-11T19:39:51","guid":{"rendered":"https:\/\/gestorjavea.com\/was-wir-tun\/"},"modified":"2025-10-03T09:29:01","modified_gmt":"2025-10-03T07:29:01","slug":"was-wir-tun","status":"publish","type":"page","link":"https:\/\/gestorjavea.com\/de\/was-wir-tun\/","title":{"rendered":"Unsere Leistungen"},"content":{"rendered":"\t\t<div data-elementor-type=\"wp-page\" data-elementor-id=\"140\" class=\"elementor elementor-140 elementor-89\" data-elementor-post-type=\"page\">\n\t\t\t\t\t\t<section class=\"elementor-section elementor-top-section elementor-element elementor-element-60a0d5f elementor-section-boxed elementor-section-height-default elementor-section-height-default\" data-id=\"60a0d5f\" data-element_type=\"section\" data-e-type=\"section\">\n\t\t\t\t\t\t<div class=\"elementor-container elementor-column-gap-default\">\n\t\t\t\t\t<div class=\"elementor-column elementor-col-100 elementor-top-column elementor-element elementor-element-381d846\" data-id=\"381d846\" data-element_type=\"column\" data-e-type=\"column\">\n\t\t\t<div class=\"elementor-widget-wrap elementor-element-populated\">\n\t\t\t\t\t\t<div class=\"elementor-element elementor-element-8b68b3a elementor-widget elementor-widget-text-editor\" data-id=\"8b68b3a\" data-element_type=\"widget\" data-e-type=\"widget\" data-widget_type=\"text-editor.default\">\n\t\t\t\t\t\t\t\t\t<h1>Unsere Leistungen<\/h1>\n<p><\/p>\n<h2>Steuern<\/h2>\n<p>Adem Costa Blanca bereitet die j\u00e4hrliche Steuererkl\u00e4rung f\u00fcr ans\u00e4ssige und nichtans\u00e4ssige Kunden vor und vermittelt zwischen ihnen und den Beh\u00f6rden.<\/p>\n<h2>Versicherungen<\/h2>\n<p>Adem Costa Blanca arbeitet mit mehreren Versicherungsunternehmen zusammen, beispielsweise AXA\/Winterthur und DKV.<\/p>\n<ul>\n<li>Geb\u00e4ude- und Hausratversicherung<\/li>\n<li>Autoversicherung<\/li>\n<li>Krankenversicherung (private Krankenversicherungen)<\/li>\n<li>Lebensversicherung<\/li>\n<li>Haftpflichtversicherung<\/li>\n<li>Rechtsschutzversicherung<\/li>\n<li>Unfallversicherung<\/li>\n<li>Berufsunf\u00e4higkeit<\/li>\n<\/ul>\n<p>Bei einem Unfall oder Schadensfall sind wir Ihr Ansprechpartner f\u00fcr die Versicherung und gegebenenfalls f\u00fcr die Beh\u00f6rden und sorgen f\u00fcr eine erfolgreiche Abwicklung.<\/p>\n<h2>Spanische Institutionen<\/h2>\n<p>Wenn Sie in Spanien leben oder leben m\u00f6chten oder wenn Sie ein Haus in Spanien besitzen oder kaufen m\u00f6chten, gilt f\u00fcr Sie das spanische Recht.<\/p>\n<p>Wir \u00fcbernehmen folgende Schritte:<\/p>\n<ul>\n<li>Kontakt zum passenden Anwalt<\/li>\n<li>Kontakt zu einem Notar<\/li>\n<li>Beantragung der <em>NIE<\/em> (Identifikationsnummer f\u00fcr ausl\u00e4ndische Staatsb\u00fcrger in Spanien)<\/li>\n<li>Beantragung von Aufenthaltserlaubnissen<\/li>\n<li>Erneuerung von F\u00fchrerscheinen<\/li>\n<li>Einfuhr von Fahrzeugen und deren Zulassung in Spanien<\/li>\n<li>und vieles mehr<\/li>\n<\/ul>\n<p><\/p>\n<h2>Instandhaltung von Haus, Garten und Pool<\/h2>\n<p>Adem Costa Blanca steht Ihnen in verschiedensten Angelegenheiten rund um Ihr Haus in Javea \u00a0mit Rat und Tat zur Seite.<\/p>\n<p>Wir helfen Ihnen sogar dabei, Instandhaltungsdienstleister f\u00fcr Haus, Garten und Pool zu finden.<\/p>\n<p>Auch bei einem Neubau oder einer Renovierung k\u00f6nnen wir Sie beraten und betreuen.<\/p>\n<p>Ferner fungieren wir als Zustellungsadresse f\u00fcr viele Kunden, die ihre Post t\u00e4glich in unserem B\u00fcro abholen k\u00f6nnen.<\/p>\n<h2>Firmen<\/h2>\n<p>Adem Costa Blanca ist als Beratungsb\u00fcro auch f\u00fcr Firmen t\u00e4tig und bietet Informationen zur Buchhaltung in Ihrem Betrieb. Wir beraten Sie in Personal-, Steuer- und Rechtsfragen. Wir helfen Ihnen bei der Firmengr\u00fcndung, bereiten Sie auf m\u00f6gliche Steuerpr\u00fcfungen des spanischen Finanzamts vor und regeln alles Notwendige zur Zahlung der f\u00fcr Unternehmer und Selbstst\u00e4ndige anfallenden Steuern. Nat\u00fcrlich melden wir Ihre Firma auch bei der Sozialversicherung und dem Finanzamt an.<\/p>\n\t\t\t\t\t\t\t\t<\/div>\n\t\t\t\t\t<\/div>\n\t\t<\/div>\n\t\t\t\t\t<\/div>\n\t\t<\/section>\n\t\t\t\t<\/div>\n\t\t","protected":false},"excerpt":{"rendered":"<p>Unsere Leistungen Steuern Adem Costa Blanca bereitet die j\u00e4hrliche Steuererkl\u00e4rung f\u00fcr ans\u00e4ssige und nichtans\u00e4ssige Kunden vor und vermittelt zwischen ihnen und den Beh\u00f6rden. Versicherungen Adem Costa Blanca arbeitet mit mehreren Versicherungsunternehmen zusammen, beispielsweise AXA\/Winterthur und DKV. Geb\u00e4ude- und Hausratversicherung Autoversicherung Krankenversicherung (private Krankenversicherungen) Lebensversicherung Haftpflichtversicherung Rechtsschutzversicherung Unfallversicherung Berufsunf\u00e4higkeit Bei einem Unfall oder Schadensfall sind wir [&hellip;]<\/p>\n","protected":false},"author":1,"featured_media":0,"parent":0,"menu_order":20,"comment_status":"closed","ping_status":"closed","template":"elementor_header_footer","meta":{"footnotes":""},"class_list":["post-140","page","type-page","status-publish","hentry"],"_links":{"self":[{"href":"https:\/\/gestorjavea.com\/de\/wp-json\/wp\/v2\/pages\/140","targetHints":{"allow":["GET"]}}],"collection":[{"href":"https:\/\/gestorjavea.com\/de\/wp-json\/wp\/v2\/pages"}],"about":[{"href":"https:\/\/gestorjavea.com\/de\/wp-json\/wp\/v2\/types\/page"}],"author":[{"embeddable":true,"href":"https:\/\/gestorjavea.com\/de\/wp-json\/wp\/v2\/users\/1"}],"replies":[{"embeddable":true,"href":"https:\/\/gestorjavea.com\/de\/wp-json\/wp\/v2\/comments?post=140"}],"version-history":[{"count":4,"href":"https:\/\/gestorjavea.com\/de\/wp-json\/wp\/v2\/pages\/140\/revisions"}],"predecessor-version":[{"id":575,"href":"https:\/\/gestorjavea.com\/de\/wp-json\/wp\/v2\/pages\/140\/revisions\/575"}],"wp:attachment":[{"href":"https:\/\/gestorjavea.com\/de\/wp-json\/wp\/v2\/media?parent=140"}],"curies":[{"name":"wp","href":"https:\/\/api.w.org\/{rel}","templated":true}]}}