{"id":128,"date":"2021-01-11T20:30:30","date_gmt":"2021-01-11T19:30:30","guid":{"rendered":"https:\/\/gestorjavea.com\/home\/"},"modified":"2025-10-03T10:57:08","modified_gmt":"2025-10-03T08:57:08","slug":"home","status":"publish","type":"page","link":"https:\/\/gestorjavea.com\/de\/","title":{"rendered":"Home"},"content":{"rendered":"\t\t<div data-elementor-type=\"wp-page\" data-elementor-id=\"128\" class=\"elementor elementor-128 elementor-2\" data-elementor-post-type=\"page\">\n\t\t\t\t<div class=\"elementor-element elementor-element-18bfe57 e-con-full e-flex e-con e-parent\" data-id=\"18bfe57\" data-element_type=\"container\" data-e-type=\"container\" data-settings=\"{&quot;background_background&quot;:&quot;slideshow&quot;,&quot;background_slideshow_gallery&quot;:[{&quot;id&quot;:413,&quot;url&quot;:&quot;https:\\\/\\\/gestorjavea.com\\\/wp-content\\\/uploads\\\/2021\\\/02\\\/adem-macha-sl-web.jpg&quot;},{&quot;id&quot;:582,&quot;url&quot;:&quot;https:\\\/\\\/gestorjavea.com\\\/wp-content\\\/uploads\\\/2025\\\/10\\\/adem-macha-sl-web.jpg&quot;}],&quot;background_slideshow_ken_burns&quot;:&quot;yes&quot;,&quot;background_slideshow_slide_duration&quot;:15000,&quot;background_slideshow_transition_duration&quot;:1500,&quot;background_slideshow_lazyload&quot;:&quot;yes&quot;,&quot;background_slideshow_loop&quot;:&quot;yes&quot;,&quot;background_slideshow_slide_transition&quot;:&quot;fade&quot;,&quot;background_slideshow_ken_burns_zoom_direction&quot;:&quot;in&quot;}\">\n\t\t<div class=\"elementor-element elementor-element-05ca928 e-con-full e-flex e-con e-child\" data-id=\"05ca928\" data-element_type=\"container\" data-e-type=\"container\">\n\t\t<div class=\"elementor-element elementor-element-e9d8799 e-flex e-con-boxed e-con e-child\" data-id=\"e9d8799\" data-element_type=\"container\" data-e-type=\"container\">\n\t\t\t\t\t<div class=\"e-con-inner\">\n\t\t\t\t<div class=\"elementor-element elementor-element-c0a913c elementor-widget elementor-widget-text-editor\" data-id=\"c0a913c\" data-element_type=\"widget\" data-e-type=\"widget\" data-widget_type=\"text-editor.default\">\n\t\t\t\t\t\t\t\t\t<h1>ADEM Costa Blanca S.L.<\/h1>\n<p><\/p>\n<h3>\u201dDas Beratungsb\u00fcro f\u00fcr Sie und Ihre Immobilie in J\u00e1vea und Umgebung\u201d<\/h3>\n<p>B\u00fcro mit Komplettservice und Fachinformationen zu Steuer- und Versicherungsfragen.<\/p>\n\t\t\t\t\t\t\t\t<\/div>\n\t\t\t\t\t<\/div>\n\t\t\t\t<\/div>\n\t\t\t\t<\/div>\n\t\t\t\t<\/div>\n\t\t<div class=\"elementor-element elementor-element-d818adc e-flex e-con-boxed e-con e-parent\" data-id=\"d818adc\" data-element_type=\"container\" data-e-type=\"container\">\n\t\t\t\t\t<div class=\"e-con-inner\">\n\t\t<div class=\"elementor-element elementor-element-7fa2580 e-con-full e-flex e-con e-child\" data-id=\"7fa2580\" data-element_type=\"container\" data-e-type=\"container\">\n\t\t\t\t<div class=\"elementor-element elementor-element-cbdebed elementor-widget elementor-widget-text-editor\" data-id=\"cbdebed\" data-element_type=\"widget\" data-e-type=\"widget\" data-widget_type=\"text-editor.default\">\n\t\t\t\t\t\t\t\t\t<h2>Welkom op onze site!<\/h2>\n<p>ADEM Costa Blanca ist eine kleine Gestoria, die sich auf Versicherungen und Steuern spezialisiert hat. Wir k\u00fcmmern uns seit mehr als 30 Jahren um diese Angelegenheiten f\u00fcr Anwohner und Nicht-Anwohner in J\u00e1vea und Umgebung.<\/p>\n<p>Sie k\u00f6nnen uns auch f\u00fcr Rechtsberatung, notarielle und kommunale Angelegenheiten und kleine Renovierungsarbeiten kontaktieren.<\/p>\n<p>Die Instandhaltung von Haus, Garten und Schwimmbad kann von uns arrangiert werden.<\/p>\n<p>F\u00fcr t\u00e4gliche kleine Probleme versuchen wir eine L\u00f6sung zu finden, damit Sie Ihren Spanischaufenthalt ohne Sorgen genie\u00dfen k\u00f6nnen.<\/p>\n\t\t\t\t\t\t\t\t<\/div>\n\t\t\t\t<\/div>\n\t\t\t\t\t<\/div>\n\t\t\t\t<\/div>\n\t\t<div class=\"elementor-element elementor-element-3bbe0d1 e-flex e-con-boxed e-con e-parent\" data-id=\"3bbe0d1\" data-element_type=\"container\" data-e-type=\"container\" data-settings=\"{&quot;background_background&quot;:&quot;classic&quot;}\">\n\t\t\t\t\t<div class=\"e-con-inner\">\n\t\t\t\t<div class=\"elementor-element elementor-element-b966092 elementor-widget elementor-widget-heading\" data-id=\"b966092\" data-element_type=\"widget\" data-e-type=\"widget\" data-widget_type=\"heading.default\">\n\t\t\t\t\t<h4 class=\"elementor-heading-title elementor-size-default\">ADEM Costa Blanca kennt den passenden Experten mit der L\u00f6sung f\u00fcr Ihr Problem.<br>Besuchen Sie uns, und wir erkl\u00e4ren Ihnen alles Weitere!<\/h4>\t\t\t\t<\/div>\n\t\t\t\t\t<\/div>\n\t\t\t\t<\/div>\n\t\t<div class=\"elementor-element elementor-element-1957249 e-flex e-con-boxed e-con e-parent\" data-id=\"1957249\" data-element_type=\"container\" data-e-type=\"container\" data-settings=\"{&quot;background_background&quot;:&quot;classic&quot;}\">\n\t\t\t\t\t<div class=\"e-con-inner\">\n\t\t<div class=\"elementor-element elementor-element-30738d6 e-con-full e-flex e-con e-child\" data-id=\"30738d6\" data-element_type=\"container\" data-e-type=\"container\">\n\t\t\t\t<div class=\"elementor-element elementor-element-d77066b elementor-widget elementor-widget-heading\" data-id=\"d77066b\" data-element_type=\"widget\" data-e-type=\"widget\" data-widget_type=\"heading.default\">\n\t\t\t\t\t<h2 class=\"elementor-heading-title elementor-size-default\">Bewertungen<\/h2>\t\t\t\t<\/div>\n\t\t\t\t<div class=\"elementor-element elementor-element-0f19aec elementor-testimonial--skin-default elementor-testimonial--layout-image_inline elementor-testimonial--align-center elementor-arrows-yes elementor-pagination-type-bullets elementor-widget elementor-widget-testimonial-carousel\" data-id=\"0f19aec\" data-element_type=\"widget\" data-e-type=\"widget\" data-settings=\"{&quot;speed&quot;:1500,&quot;show_arrows&quot;:&quot;yes&quot;,&quot;pagination&quot;:&quot;bullets&quot;,&quot;autoplay&quot;:&quot;yes&quot;,&quot;autoplay_speed&quot;:5000,&quot;loop&quot;:&quot;yes&quot;,&quot;pause_on_hover&quot;:&quot;yes&quot;,&quot;pause_on_interaction&quot;:&quot;yes&quot;,&quot;space_between&quot;:{&quot;unit&quot;:&quot;px&quot;,&quot;size&quot;:10,&quot;sizes&quot;:[]},&quot;space_between_tablet&quot;:{&quot;unit&quot;:&quot;px&quot;,&quot;size&quot;:10,&quot;sizes&quot;:[]},&quot;space_between_mobile&quot;:{&quot;unit&quot;:&quot;px&quot;,&quot;size&quot;:10,&quot;sizes&quot;:[]}}\" data-widget_type=\"testimonial-carousel.default\">\n\t\t\t\t\t\t\t\t\t\t<div class=\"elementor-main-swiper swiper\" role=\"region\" aria-roledescription=\"carousel\" aria-label=\"Slides\">\n\t\t\t\t<div class=\"swiper-wrapper\">\n\t\t\t\t\t\t\t\t\t\t\t<div class=\"swiper-slide\" role=\"group\" aria-roledescription=\"slide\">\n\t\t\t\t\t\t\t\t\t<div class=\"elementor-testimonial\">\n\t\t\t\t\t\t\t<div class=\"elementor-testimonial__content\">\n\t\t\t\t\t<div class=\"elementor-testimonial__text\">\n\t\t\t\t\t\t<p>Auf dem Weg zum Flughafen Alicante hatte unser Auto eine Panne. Wir mussten aber rechtzeitig ankommen, um den Flug nach Holland zu erwischen. Wir wussten nicht, an wen wir uns wenden sollten, und riefen Charlotte an. In weniger als einer Viertelstunde tauchte ein netter Taxifahrer auf, der uns zum Flughafen fuhr. In der Zwischenzeit sorgte Charlotte f\u00fcr einen Abschleppwagen, der unser Auto in die Werkstatt brachte. Dort konnten wir unseren Wagen nach einer Woche vollkommen repariert abholen. So etwas nennt man einen guten Service! Vielen Dank, Charlotte!<\/p>\n\t\t\t\t\t<\/div>\n\t\t\t\t\t\t\t\t\t<\/div>\n\t\t\t\t\t\t<div class=\"elementor-testimonial__footer\">\n\t\t\t\t\t\t\t\t<cite class=\"elementor-testimonial__cite\"><span class=\"elementor-testimonial__name\"> Gert und Jarien<\/span><\/cite>\t\t\t<\/div>\n\t\t<\/div>\n\t\t\t\t\t\t\t\t<\/div>\n\t\t\t\t\t\t\t\t\t\t\t<div class=\"swiper-slide\" role=\"group\" aria-roledescription=\"slide\">\n\t\t\t\t\t\t\t\t\t<div class=\"elementor-testimonial\">\n\t\t\t\t\t\t\t<div class=\"elementor-testimonial__content\">\n\t\t\t\t\t<div class=\"elementor-testimonial__text\">\n\t\t\t\t\t\t<p>Wir kamen abends von einer Reise aus Holland zu Hause an. Wir schalteten die Lichter ein und \u00fcberpr\u00fcften die Anschl\u00fcsse. Nanu, kein Empfang der holl\u00e4ndischen Fernsehkan\u00e4le, und der Internetanschluss von Movistar funktioniert auch nicht? Da f\u00fchlt man sich gleich wie von der Au\u00dfenwelt abgeschnitten ... Uns blieb nicht anderes \u00fcbrig, als schlafen zu gehen. Am n\u00e4chsten Tag gingen wir zu Adem Macha. Amparo rief bei Movistar an, und noch am selben Tag kam ein Techniker des Unternehmens vorbei, um das Problem zu beheben. Offenbar hatte jemand \u2013 vermutlich ich selbst \u2013 einen Stecker des ADSL-Anschlusses verwechselt. Die Sache mit den Fernsehkan\u00e4len konnte mit einem Anruf bei der Firma zweier holl\u00e4ndischer Installateure gekl\u00e4rt werden. Danke, Amparo und Charlotte!<\/p>\n\t\t\t\t\t<\/div>\n\t\t\t\t\t\t\t\t\t<\/div>\n\t\t\t\t\t\t<div class=\"elementor-testimonial__footer\">\n\t\t\t\t\t\t\t\t<cite class=\"elementor-testimonial__cite\"><span class=\"elementor-testimonial__name\"> Sylvia und Willy Melgert<\/span><\/cite>\t\t\t<\/div>\n\t\t<\/div>\n\t\t\t\t\t\t\t\t<\/div>\n\t\t\t\t\t\t\t\t\t\t\t<div class=\"swiper-slide\" role=\"group\" aria-roledescription=\"slide\">\n\t\t\t\t\t\t\t\t\t<div class=\"elementor-testimonial\">\n\t\t\t\t\t\t\t<div class=\"elementor-testimonial__content\">\n\t\t\t\t\t<div class=\"elementor-testimonial__text\">\n\t\t\t\t\t\t<p>Wir kamen am Sonntagabend in unserem Haus in J\u00e1vea an und es stellte sich heraus, dass wir keinen Strom hatten. Mit einer Taschenlampe auf die Schalter in unserem zentralen Messschrank zu schauen, aber daran stellte sich heraus, dass daran nichts auszusetzen war.\u00a0 Montagmorgen ging nat\u00fcrlich sofort nach Adem Macha. Amparo rief Iberdrola an.\u00a0 Aufgrund eines Fehlers der Bank stellte sich heraus, dass die letzte Ratenzahlung nicht geleistet wurde. Amparo l\u00f6ste das Problem und wir hatten am selben Tag wieder Strom. Vielen Dank, Amparo!<\/p>\n\t\t\t\t\t<\/div>\n\t\t\t\t\t\t\t\t\t<\/div>\n\t\t\t\t\t\t<div class=\"elementor-testimonial__footer\">\n\t\t\t\t\t\t\t\t<cite class=\"elementor-testimonial__cite\"><span class=\"elementor-testimonial__name\"> Wilhelm und Uta Muller<\/span><\/cite>\t\t\t<\/div>\n\t\t<\/div>\n\t\t\t\t\t\t\t\t<\/div>\n\t\t\t\t\t\t\t\t\t\t\t<div class=\"swiper-slide\" role=\"group\" aria-roledescription=\"slide\">\n\t\t\t\t\t\t\t\t\t<div class=\"elementor-testimonial\">\n\t\t\t\t\t\t\t<div class=\"elementor-testimonial__content\">\n\t\t\t\t\t<div class=\"elementor-testimonial__text\">\n\t\t\t\t\t\t<p>W\u00e4hrend eines Aufenthalts in Holland rief uns unsere spanische Bank an und berichtete vom Eingang einer Rechnung der st\u00e4dtischen Wasserwerke Amjasa \u00fcber 4.000 \u20ac. \u201eGanz unm\u00f6glich!\u201c, war unser erster Gedanke. Wir beschlossen, Charlotte von Adem Macha anzurufen. Schnell wurde ermittelt, dass der Grund ein Wasserrohrbruch in unserem Haus war. Adem Macha sorgte umgehend f\u00fcr die Reparatur durch einen Experten und handelte ferner mit Amjasa aus, dass wir nur einen Teil des vom Wasserrohrbruch verursachten Verbrauchs zahlen mussten. Danke, Charlotte.<\/p>\n\t\t\t\t\t<\/div>\n\t\t\t\t\t\t\t\t\t<\/div>\n\t\t\t\t\t\t<div class=\"elementor-testimonial__footer\">\n\t\t\t\t\t\t\t\t<cite class=\"elementor-testimonial__cite\"><span class=\"elementor-testimonial__name\"> Gijs und Linda van Ooi<\/span><\/cite>\t\t\t<\/div>\n\t\t<\/div>\n\t\t\t\t\t\t\t\t<\/div>\n\t\t\t\t\t\t\t\t\t\t\t<div class=\"swiper-slide\" role=\"group\" aria-roledescription=\"slide\">\n\t\t\t\t\t\t\t\t\t<div class=\"elementor-testimonial\">\n\t\t\t\t\t\t\t<div class=\"elementor-testimonial__content\">\n\t\t\t\t\t<div class=\"elementor-testimonial__text\">\n\t\t\t\t\t\t<p>Als wir unser Haus in J\u00e1vea bauten, mussten wir f\u00fcr die Infrastruktur eine Bausicherheitsleistung von mehreren Tausend Euro zahlen. Diese wird von der Stadtverwaltung nach einigen Jahren zur\u00fcckgezahlt, doch muss man das mit Formularen und viel Papierkram beantragen. Adem Macha k\u00fcmmerte sich um alles, und innerhalb der vorgesehenen Frist bekamen wir den Betrag zur\u00fcckerstattet.<\/p>\n\t\t\t\t\t<\/div>\n\t\t\t\t\t\t\t\t\t<\/div>\n\t\t\t\t\t\t<div class=\"elementor-testimonial__footer\">\n\t\t\t\t\t\t\t\t<cite class=\"elementor-testimonial__cite\"><span class=\"elementor-testimonial__name\"> Liesbeth und Peter  <\/span><\/cite>\t\t\t<\/div>\n\t\t<\/div>\n\t\t\t\t\t\t\t\t<\/div>\n\t\t\t\t\t\t\t\t\t<\/div>\n\t\t\t\t\t\t\t\t\t\t\t\t\t\t\t<div class=\"elementor-swiper-button elementor-swiper-button-prev\" role=\"button\" tabindex=\"0\" aria-label=\"Voriger\">\n\t\t\t\t\t\t\t<i aria-hidden=\"true\" class=\"eicon-chevron-left\"><\/i>\t\t\t\t\t\t<\/div>\n\t\t\t\t\t\t<div class=\"elementor-swiper-button elementor-swiper-button-next\" role=\"button\" tabindex=\"0\" aria-label=\"N\u00e4chster\">\n\t\t\t\t\t\t\t<i aria-hidden=\"true\" class=\"eicon-chevron-right\"><\/i>\t\t\t\t\t\t<\/div>\n\t\t\t\t\t\t\t\t\t\t\t\t\t\t\t\t<div class=\"swiper-pagination\"><\/div>\n\t\t\t\t\t\t\t\t\t\t\t\t<\/div>\n\t\t\t\t\t\t\t\t<\/div>\n\t\t\t\t<\/div>\n\t\t\t\t\t<\/div>\n\t\t\t\t<\/div>\n\t\t\t\t<\/div>\n\t\t","protected":false},"excerpt":{"rendered":"<p>ADEM Costa Blanca S.L. \u201dDas Beratungsb\u00fcro f\u00fcr Sie und Ihre Immobilie in J\u00e1vea und Umgebung\u201d B\u00fcro mit Komplettservice und Fachinformationen zu Steuer- und Versicherungsfragen. Welkom op onze site! ADEM Costa Blanca ist eine kleine Gestoria, die sich auf Versicherungen und Steuern spezialisiert hat. Wir k\u00fcmmern uns seit mehr als 30 Jahren um diese Angelegenheiten f\u00fcr [&hellip;]<\/p>\n","protected":false},"author":1,"featured_media":0,"parent":0,"menu_order":1,"comment_status":"closed","ping_status":"closed","template":"elementor_header_footer","meta":{"footnotes":""},"class_list":["post-128","page","type-page","status-publish","hentry"],"_links":{"self":[{"href":"https:\/\/gestorjavea.com\/de\/wp-json\/wp\/v2\/pages\/128","targetHints":{"allow":["GET"]}}],"collection":[{"href":"https:\/\/gestorjavea.com\/de\/wp-json\/wp\/v2\/pages"}],"about":[{"href":"https:\/\/gestorjavea.com\/de\/wp-json\/wp\/v2\/types\/page"}],"author":[{"embeddable":true,"href":"https:\/\/gestorjavea.com\/de\/wp-json\/wp\/v2\/users\/1"}],"replies":[{"embeddable":true,"href":"https:\/\/gestorjavea.com\/de\/wp-json\/wp\/v2\/comments?post=128"}],"version-history":[{"count":3,"href":"https:\/\/gestorjavea.com\/de\/wp-json\/wp\/v2\/pages\/128\/revisions"}],"predecessor-version":[{"id":595,"href":"https:\/\/gestorjavea.com\/de\/wp-json\/wp\/v2\/pages\/128\/revisions\/595"}],"wp:attachment":[{"href":"https:\/\/gestorjavea.com\/de\/wp-json\/wp\/v2\/media?parent=128"}],"curies":[{"name":"wp","href":"https:\/\/api.w.org\/{rel}","templated":true}]}}